{"id":197,"date":"2019-01-30T09:50:32","date_gmt":"2019-01-30T07:50:32","guid":{"rendered":"https:\/\/be.europairsuisse.ch\/iaq-and-ieq\/"},"modified":"2019-03-28T23:12:42","modified_gmt":"2019-03-28T21:12:42","slug":"iaq-and-ieq","status":"publish","type":"page","link":"https:\/\/europairbenelux.com\/de\/iaq-and-ieq\/","title":{"rendered":"IAQ und IEQ"},"content":{"rendered":"<p>[vc_row][vc_column][vc_column_text]Luftqualit\u00e4t in Innenr\u00e4umen (IAQ, engl. K\u00fcrzel f\u00fcr \u201eindoor air quality\u201c) ist ein allgemeiner Begriff, der sich auf die Pr\u00e4senz von chemischen, physikalischen und biologischen Kontaminanten in der Luft im Innern von Geb\u00e4uden bezieht.<\/p>\n<p>IEQ (engl. K\u00fcrzel f\u00fcr \u201cindoor environment quality\u201d) beschreibt die Qualit\u00e4t jener Parameter, welche die Umgebung in Innenraumen betreffen, so wie Temperatur, Ger\u00e4uschpegel, Licht, Luftqualit\u00e4t, usw.<\/p>\n<p>Baudesign und Ausf\u00fchrung beeinflussen die IEQ und daraus die menschlichen Reaktionen. Luftwechsel und Luftqualit\u00e4t in den Innenr\u00e4umen, Licht und Ger\u00e4uschpegel, sowie individuelle Einfl\u00fcsse dieser Faktoren werden wie folgt zusammengefasst: Da Temperatur, Luftqualit\u00e4t und Luftbedarf gezeigt haben, dass sie das Krankes-Haus-Syndrom (SBS) beg\u00fcnstigen k\u00f6nnen, wird diese Information hier auch genutzt, um die SBS Symptome zu verkn\u00fcpfen.<\/p>\n<p><strong>Der Einfluss von Temperatur auf die Performance;<\/strong><\/p>\n<p><strong>Die Raumtemperatur beeinflusst die Performance durch mehrere Mechanismen;\u00a0<\/strong><\/p>\n<ul>\n<li>Thermisches Unwohlsein verringert Aufmerksamkeit und generiert Beschwerden, welche die Instandhaltungskosten erh\u00f6hen.<\/li>\n<li>W\u00e4rme verringert Aufmerksamkeit, verschlimmert SBS-Symptome und hat negative Effekte auf mentale Arbeit.<\/li>\n<li>Kalte Bedingungen verringern die Temperatur von Fingern und hat so negative Effekte auf manuelle Geschicklichkeit.<\/li>\n<li>Schnelle Temperaturschwankungen haben denselben Effekt auf B\u00fcroarbeit wie leicht erh\u00f6hte Raumtemperaturen, w\u00e4hrend niedrige Temperaturschwankungen nur allgemeines Unwohlsein hervorrufen.<\/li>\n<\/ul>\n<p><strong>Die Auswirkungen <\/strong><strong>der Innenraum-Luftqualit\u00e4t auf die Leistung;<\/strong><\/p>\n<p>Es ist anzunehmen, dass Menschen, die sich nicht gut f\u00fchlen, wenn die Luftqualit\u00e4t schlecht ist, auch nicht besonders gut arbeiten werden. Andere m\u00f6gliche Faktoren zur\u00a0 \u00a0schlechter Luftqualit\u00e4t wie zum Beispiel Ablenkung durch Ger\u00fcche, Irritation der Wahrnehmung, allergische Reaktionen oder direkt toxikologische Effekte, beeinflussen die t\u00e4gliche Arbeitsleistung und Wohlbefinden.<\/p>\n<h4><strong>Effekte von L\u00e4rm auf Performance;<\/strong><\/h4>\n<p>Akustische Signale k\u00f6nnen als Stimulus wirken, aber auch als Ablenkung. Es kommt h\u00e4ufig vor, dass in Grossraumb\u00fcros die Ger\u00e4usche von Gespr\u00e4chen als gro\u00dfe Ablenkung empfunden werden. Komplexe Aufgaben werden durch Ger\u00e4usche ab 70-80dB(A) beeintr\u00e4chtigt. Mitarbeiter die davon betroffen sind, lasen in Experimenten weniger W\u00f6rter, und machten mehr Fehler beim Korrekturlesen im Vergleich zu einer Umgebung mit 55dB(A) Ger\u00e4uschkulisse. Studien zeigten ebenso, dass sich in Gro\u00dfraumb\u00fcros bei Ger\u00e4uschpegeln von um die 55dB(A) die Performance der B\u00fcroarbeit um 3% verringert, im Vergleich zu Bedingungen von 35 dB(A).<\/p>\n<h4><strong>Die Effekte von Licht auf die Arbeitsleistung;<\/strong><\/h4>\n<p>Es ist anzunehmen, dass Beleuchtungsst\u00e4rke, Blendungsgrad, Kontrast, die Erfassung visueller Objekte und das Lichtspektrum die Performance beeinflussen. Das Flackern von fluoreszierendem Licht hat die Zufriedenheit solcher ausgesetzter Menschen reduziert und negative gesundheitliche Auswirkungen hervorgerufen. Die N\u00e4he zu Fenstern ist ebenfalls ein wichtiger Faktor hinsichtlich der Zufriedenheit in Zusammenhang mit Licht.<\/p>\n<p lang=\"de-DE\"><em>Ref: REHVA, Guidebook No 6<\/em><\/p>\n<p>[\/vc_column_text][\/vc_column][\/vc_row]<\/p>\n","protected":false},"excerpt":{"rendered":"<p>[vc_row][vc_column][vc_column_text]Luftqualit\u00e4t in Innenr\u00e4umen (IAQ, engl. K\u00fcrzel f\u00fcr \u201eindoor air quality\u201c) ist ein allgemeiner Begriff, der sich auf die Pr\u00e4senz von&#8230;<\/p>\n","protected":false},"author":2,"featured_media":0,"parent":0,"menu_order":0,"comment_status":"closed","ping_status":"closed","template":"","meta":{"_exactmetrics_skip_tracking":false,"_exactmetrics_sitenote_active":false,"_exactmetrics_sitenote_note":"","_exactmetrics_sitenote_category":0,"footnotes":""},"class_list":["post-197","page","type-page","status-publish","hentry"],"yoast_head":"<!-- This site is optimized with the Yoast SEO plugin v27.4 - https:\/\/yoast.com\/product\/yoast-seo-wordpress\/ -->\n<title>IAQ und IEQ - europair Benelux srl<\/title>\n<meta name=\"robots\" content=\"index, follow, max-snippet:-1, max-image-preview:large, max-video-preview:-1\" \/>\n<link rel=\"canonical\" href=\"https:\/\/europairbenelux.com\/de\/iaq-and-ieq\/\" \/>\n<meta property=\"og:locale\" content=\"de_DE\" \/>\n<meta property=\"og:type\" content=\"article\" \/>\n<meta property=\"og:title\" content=\"IAQ und IEQ - europair Benelux srl\" \/>\n<meta property=\"og:description\" content=\"[vc_row][vc_column][vc_column_text]Luftqualit\u00e4t in Innenr\u00e4umen (IAQ, engl. K\u00fcrzel f\u00fcr \u201eindoor air quality\u201c) ist ein allgemeiner Begriff, der sich auf die Pr\u00e4senz von...\" \/>\n<meta property=\"og:url\" content=\"https:\/\/europairbenelux.com\/de\/iaq-and-ieq\/\" \/>\n<meta property=\"og:site_name\" content=\"europair Benelux srl\" \/>\n<meta property=\"article:modified_time\" content=\"2019-03-28T21:12:42+00:00\" \/>\n<meta name=\"twitter:card\" content=\"summary_large_image\" \/>\n<meta name=\"twitter:label1\" content=\"Gesch\u00e4tzte Lesezeit\" \/>\n\t<meta name=\"twitter:data1\" content=\"2\u00a0Minuten\" \/>\n<script type=\"application\/ld+json\" class=\"yoast-schema-graph\">{\"@context\":\"https:\\\/\\\/schema.org\",\"@graph\":[{\"@type\":\"WebPage\",\"@id\":\"https:\\\/\\\/europairbenelux.com\\\/de\\\/iaq-and-ieq\\\/\",\"url\":\"https:\\\/\\\/europairbenelux.com\\\/de\\\/iaq-and-ieq\\\/\",\"name\":\"IAQ und IEQ - europair Benelux srl\",\"isPartOf\":{\"@id\":\"https:\\\/\\\/europairbenelux.com\\\/de\\\/#website\"},\"datePublished\":\"2019-01-30T07:50:32+00:00\",\"dateModified\":\"2019-03-28T21:12:42+00:00\",\"breadcrumb\":{\"@id\":\"https:\\\/\\\/europairbenelux.com\\\/de\\\/iaq-and-ieq\\\/#breadcrumb\"},\"inLanguage\":\"de\",\"potentialAction\":[{\"@type\":\"ReadAction\",\"target\":[\"https:\\\/\\\/europairbenelux.com\\\/de\\\/iaq-and-ieq\\\/\"]}]},{\"@type\":\"BreadcrumbList\",\"@id\":\"https:\\\/\\\/europairbenelux.com\\\/de\\\/iaq-and-ieq\\\/#breadcrumb\",\"itemListElement\":[{\"@type\":\"ListItem\",\"position\":1,\"name\":\"Startseite\",\"item\":\"https:\\\/\\\/europairbenelux.com\\\/de\\\/\"},{\"@type\":\"ListItem\",\"position\":2,\"name\":\"IAQ und IEQ\"}]},{\"@type\":\"WebSite\",\"@id\":\"https:\\\/\\\/europairbenelux.com\\\/de\\\/#website\",\"url\":\"https:\\\/\\\/europairbenelux.com\\\/de\\\/\",\"name\":\"europair Benelux srl\",\"description\":\"\",\"potentialAction\":[{\"@type\":\"SearchAction\",\"target\":{\"@type\":\"EntryPoint\",\"urlTemplate\":\"https:\\\/\\\/europairbenelux.com\\\/de\\\/?s={search_term_string}\"},\"query-input\":{\"@type\":\"PropertyValueSpecification\",\"valueRequired\":true,\"valueName\":\"search_term_string\"}}],\"inLanguage\":\"de\"}]}<\/script>\n<!-- \/ Yoast SEO plugin. -->","yoast_head_json":{"title":"IAQ und IEQ - europair Benelux srl","robots":{"index":"index","follow":"follow","max-snippet":"max-snippet:-1","max-image-preview":"max-image-preview:large","max-video-preview":"max-video-preview:-1"},"canonical":"https:\/\/europairbenelux.com\/de\/iaq-and-ieq\/","og_locale":"de_DE","og_type":"article","og_title":"IAQ und IEQ - europair Benelux srl","og_description":"[vc_row][vc_column][vc_column_text]Luftqualit\u00e4t in Innenr\u00e4umen (IAQ, engl. K\u00fcrzel f\u00fcr \u201eindoor air quality\u201c) ist ein allgemeiner Begriff, der sich auf die Pr\u00e4senz von...","og_url":"https:\/\/europairbenelux.com\/de\/iaq-and-ieq\/","og_site_name":"europair Benelux srl","article_modified_time":"2019-03-28T21:12:42+00:00","twitter_card":"summary_large_image","twitter_misc":{"Gesch\u00e4tzte Lesezeit":"2\u00a0Minuten"},"schema":{"@context":"https:\/\/schema.org","@graph":[{"@type":"WebPage","@id":"https:\/\/europairbenelux.com\/de\/iaq-and-ieq\/","url":"https:\/\/europairbenelux.com\/de\/iaq-and-ieq\/","name":"IAQ und IEQ - europair Benelux srl","isPartOf":{"@id":"https:\/\/europairbenelux.com\/de\/#website"},"datePublished":"2019-01-30T07:50:32+00:00","dateModified":"2019-03-28T21:12:42+00:00","breadcrumb":{"@id":"https:\/\/europairbenelux.com\/de\/iaq-and-ieq\/#breadcrumb"},"inLanguage":"de","potentialAction":[{"@type":"ReadAction","target":["https:\/\/europairbenelux.com\/de\/iaq-and-ieq\/"]}]},{"@type":"BreadcrumbList","@id":"https:\/\/europairbenelux.com\/de\/iaq-and-ieq\/#breadcrumb","itemListElement":[{"@type":"ListItem","position":1,"name":"Startseite","item":"https:\/\/europairbenelux.com\/de\/"},{"@type":"ListItem","position":2,"name":"IAQ und IEQ"}]},{"@type":"WebSite","@id":"https:\/\/europairbenelux.com\/de\/#website","url":"https:\/\/europairbenelux.com\/de\/","name":"europair Benelux srl","description":"","potentialAction":[{"@type":"SearchAction","target":{"@type":"EntryPoint","urlTemplate":"https:\/\/europairbenelux.com\/de\/?s={search_term_string}"},"query-input":{"@type":"PropertyValueSpecification","valueRequired":true,"valueName":"search_term_string"}}],"inLanguage":"de"}]}},"_links":{"self":[{"href":"https:\/\/europairbenelux.com\/de\/wp-json\/wp\/v2\/pages\/197","targetHints":{"allow":["GET"]}}],"collection":[{"href":"https:\/\/europairbenelux.com\/de\/wp-json\/wp\/v2\/pages"}],"about":[{"href":"https:\/\/europairbenelux.com\/de\/wp-json\/wp\/v2\/types\/page"}],"author":[{"embeddable":true,"href":"https:\/\/europairbenelux.com\/de\/wp-json\/wp\/v2\/users\/2"}],"replies":[{"embeddable":true,"href":"https:\/\/europairbenelux.com\/de\/wp-json\/wp\/v2\/comments?post=197"}],"version-history":[{"count":0,"href":"https:\/\/europairbenelux.com\/de\/wp-json\/wp\/v2\/pages\/197\/revisions"}],"wp:attachment":[{"href":"https:\/\/europairbenelux.com\/de\/wp-json\/wp\/v2\/media?parent=197"}],"curies":[{"name":"wp","href":"https:\/\/api.w.org\/{rel}","templated":true}]}}