{"id":203,"date":"2019-01-30T09:51:43","date_gmt":"2019-01-30T07:51:43","guid":{"rendered":"https:\/\/be.europairsuisse.ch\/controlled-ventilation-on-demand\/"},"modified":"2019-03-29T00:11:54","modified_gmt":"2019-03-28T22:11:54","slug":"controlled-ventilation-on-demand","status":"publish","type":"page","link":"https:\/\/europairbenelux.com\/de\/controlled-ventilation-on-demand\/","title":{"rendered":"KONTROLLIERTE L\u00dcFTUNG NACH BEDARF"},"content":{"rendered":"<p>[vc_row][vc_column][vc_column_text]<span lang=\"DE-CH\">Komfortl\u00fcftung ist h\u00f6chstwahrscheinlich<\/span><span lang=\"DE-CH\">jene L\u00fcftungsmethode, die am energieeffizientesten und zugleich komfortabelsten ist, sofern sie korrekt angewendet wird. In der Theorie ist ein solches System vergleichbar mit einem Pay-per-use-Modell, <\/span><span lang=\"DE-CH\">was bedeutet, dass die L\u00fcftung je nach Verwendung st\u00e4ndig angepasst wird.<\/span><\/p>\n<p><span lang=\"DE-CH\">Ein grosser Anteil der L\u00fcftungssysteme im B\u00fcro- und Wohnbereich basiert auf konstante L\u00fcftung, einfach ausgedr\u00fcckt, auf Ein\/Aus-Systeme<\/span><span lang=\"DE-CH\">.<\/span><\/p>\n<p><span lang=\"DE-CH\">In den meisten F\u00e4llen l\u00e4uft die L\u00fcftung tags\u00fcber mit konstanter Luftmenge, und wird Abends, oder wenn das Geb\u00e4ude nicht genutzt wird, teilweise oder vollst\u00e4ndig heruntergefahren.<\/span><\/p>\n<p><span lang=\"DE-CH\">Bel\u00fcftung auf Nachfrage bedeutet die individuelle Regulierung der Luftmenge in jeder zu bel\u00fcftender Zone, entweder manuell oder mittels eines Systems zur Automatisierung.<\/span><\/p>\n<p><span lang=\"DE-CH\">Unabh\u00e4ngig davon, was an Luftmenge zugef\u00fcgt oder extrahiert wird, es muss eine Balance zwischen der Zuluft und der Abluft hergestellt werden. Dies ist wichtig, um den W\u00e4rmetauscher optimal einzusetzen und dabei den Energieverbrauch zu minimieren.<\/span><\/p>\n<p><span lang=\"DE-CH\">Diese Methode ist energieeffizienter, als Ventilatoren permanent und mit konstanter Geschwindigkeit laufen zu lassen.<\/span><\/p>\n<p><span lang=\"DE-CH\">Der Grund hierf\u00fcr ist, dass man nicht mehr Luft verwendet, als n\u00f6tig ist, um eine gute Luftqualit\u00e4t zu erzielen. Und das vor allem w\u00e4hrend Zeiten, in denen niemand sich in <\/span><span lang=\"DE-CH\">der Liegenschaft aufh\u00e4lt. Es gibt also zwei gro\u00dfe Vorteile bei der Komfortl\u00fcftung, verringerter Energieverbrauch und verbesserte Luftqualit\u00e4t.<\/span><\/p>\n<p><span lang=\"DE-CH\">Bel\u00fcftung nach Bedarf bedeutet auch, dass sich dieses System von traditionellen L\u00f6sungen unterscheidet. Die Steuerung zur Kontrolle der Ventilator-Geschwindigkeit basiert auf dem Prinzip der elektronischen Geschwindigkeits-Kontrolle, \u00fcber Drucksensoren die im Leitungsnetz platziert ist.<\/span><\/p>\n<p><span lang=\"DE-CH\">Die Luftverteilungen in den bel\u00fcfteten Zonen m\u00fcssen derart gestaltet sein, dass eine Ver\u00e4nderung im Luftfluss m\u00f6glich ist. Fakt ist, dass ein nach Bedarf reguliertes System auf bestimmte Art und Weise auf den Luftdruck des Raumes wirkt. Dadurch ergibt sich noch ein Vorteil: Es hilft dabei, Ger\u00e4uschprobleme zu vermeiden. Unabh\u00e4ngig von der Einstellung der Zu- und Abluft, wird sich der Luftdruck nicht ver\u00e4ndern. Das hat zur Folge, dass die Bel\u00fcftung kontrolliert wird und dass zu jederzeit der richtige Luftvolumen bearbeitet wird.<\/span><\/p>\n<p><span lang=\"DE-CH\">Bel\u00fcftung nach Bedarf kann ein einfaches System sein, basierend auf den Anforderungen der zu klimatisierenden Zone. Auch eine Installation mit Sensoren in einer Zone, in Kombination mit CO2, VOC, Temperatur, Feuchtigkeit, Anwesenheit und Lichtsensoren, ist m\u00f6glich. Bei solchen Systemen wird der Raum vollst\u00e4ndig automatisiert, und passt sich an jede Anforderung an, ob einzelne oder mehrere Nutzer.<\/span><\/p>\n<p><span lang=\"DE-CH\">So kann maximaler Komfort erzielt werden bei maximalen Energieersparnis.<\/span><\/p>\n<p><em><span lang=\"DE-CH\">Ref: Svensk<\/span><\/em><span class=\"apple-converted-space\"><i><span lang=\"DE-CH\">\u00a0<\/span><\/i><\/span><em><span lang=\"DE-CH\">Bel\u00fcftungs-Handbuch\u201cshortness of breath\u201d<\/span><\/em>[\/vc_column_text][\/vc_column][\/vc_row]<\/p>\n","protected":false},"excerpt":{"rendered":"<p>[vc_row][vc_column][vc_column_text]Komfortl\u00fcftung ist h\u00f6chstwahrscheinlichjene L\u00fcftungsmethode, die am energieeffizientesten und zugleich komfortabelsten ist, sofern sie korrekt angewendet wird. In der Theorie ist&#8230;<\/p>\n","protected":false},"author":2,"featured_media":0,"parent":0,"menu_order":0,"comment_status":"closed","ping_status":"closed","template":"","meta":{"_exactmetrics_skip_tracking":false,"_exactmetrics_sitenote_active":false,"_exactmetrics_sitenote_note":"","_exactmetrics_sitenote_category":0,"footnotes":""},"class_list":["post-203","page","type-page","status-publish","hentry"],"yoast_head":"<!-- This site is optimized with the Yoast SEO plugin v27.4 - https:\/\/yoast.com\/product\/yoast-seo-wordpress\/ -->\n<title>KONTROLLIERTE L\u00dcFTUNG NACH BEDARF - europair Benelux srl<\/title>\n<meta name=\"robots\" content=\"index, follow, max-snippet:-1, max-image-preview:large, max-video-preview:-1\" \/>\n<link rel=\"canonical\" href=\"https:\/\/europairbenelux.com\/de\/controlled-ventilation-on-demand\/\" \/>\n<meta property=\"og:locale\" content=\"de_DE\" \/>\n<meta property=\"og:type\" content=\"article\" \/>\n<meta property=\"og:title\" content=\"KONTROLLIERTE L\u00dcFTUNG NACH BEDARF - europair Benelux srl\" \/>\n<meta property=\"og:description\" content=\"[vc_row][vc_column][vc_column_text]Komfortl\u00fcftung ist h\u00f6chstwahrscheinlichjene L\u00fcftungsmethode, die am energieeffizientesten und zugleich komfortabelsten ist, sofern sie korrekt angewendet wird. In der Theorie ist...\" \/>\n<meta property=\"og:url\" content=\"https:\/\/europairbenelux.com\/de\/controlled-ventilation-on-demand\/\" \/>\n<meta property=\"og:site_name\" content=\"europair Benelux srl\" \/>\n<meta property=\"article:modified_time\" content=\"2019-03-28T22:11:54+00:00\" \/>\n<meta name=\"twitter:card\" content=\"summary_large_image\" \/>\n<meta name=\"twitter:label1\" content=\"Gesch\u00e4tzte Lesezeit\" \/>\n\t<meta name=\"twitter:data1\" content=\"2\u00a0Minuten\" \/>\n<script type=\"application\/ld+json\" class=\"yoast-schema-graph\">{\"@context\":\"https:\\\/\\\/schema.org\",\"@graph\":[{\"@type\":\"WebPage\",\"@id\":\"https:\\\/\\\/europairbenelux.com\\\/de\\\/controlled-ventilation-on-demand\\\/\",\"url\":\"https:\\\/\\\/europairbenelux.com\\\/de\\\/controlled-ventilation-on-demand\\\/\",\"name\":\"KONTROLLIERTE L\u00dcFTUNG NACH BEDARF - europair Benelux srl\",\"isPartOf\":{\"@id\":\"https:\\\/\\\/europairbenelux.com\\\/de\\\/#website\"},\"datePublished\":\"2019-01-30T07:51:43+00:00\",\"dateModified\":\"2019-03-28T22:11:54+00:00\",\"breadcrumb\":{\"@id\":\"https:\\\/\\\/europairbenelux.com\\\/de\\\/controlled-ventilation-on-demand\\\/#breadcrumb\"},\"inLanguage\":\"de\",\"potentialAction\":[{\"@type\":\"ReadAction\",\"target\":[\"https:\\\/\\\/europairbenelux.com\\\/de\\\/controlled-ventilation-on-demand\\\/\"]}]},{\"@type\":\"BreadcrumbList\",\"@id\":\"https:\\\/\\\/europairbenelux.com\\\/de\\\/controlled-ventilation-on-demand\\\/#breadcrumb\",\"itemListElement\":[{\"@type\":\"ListItem\",\"position\":1,\"name\":\"Startseite\",\"item\":\"https:\\\/\\\/europairbenelux.com\\\/de\\\/\"},{\"@type\":\"ListItem\",\"position\":2,\"name\":\"KONTROLLIERTE L\u00dcFTUNG NACH BEDARF\"}]},{\"@type\":\"WebSite\",\"@id\":\"https:\\\/\\\/europairbenelux.com\\\/de\\\/#website\",\"url\":\"https:\\\/\\\/europairbenelux.com\\\/de\\\/\",\"name\":\"europair Benelux srl\",\"description\":\"\",\"potentialAction\":[{\"@type\":\"SearchAction\",\"target\":{\"@type\":\"EntryPoint\",\"urlTemplate\":\"https:\\\/\\\/europairbenelux.com\\\/de\\\/?s={search_term_string}\"},\"query-input\":{\"@type\":\"PropertyValueSpecification\",\"valueRequired\":true,\"valueName\":\"search_term_string\"}}],\"inLanguage\":\"de\"}]}<\/script>\n<!-- \/ Yoast SEO plugin. -->","yoast_head_json":{"title":"KONTROLLIERTE L\u00dcFTUNG NACH BEDARF - europair Benelux srl","robots":{"index":"index","follow":"follow","max-snippet":"max-snippet:-1","max-image-preview":"max-image-preview:large","max-video-preview":"max-video-preview:-1"},"canonical":"https:\/\/europairbenelux.com\/de\/controlled-ventilation-on-demand\/","og_locale":"de_DE","og_type":"article","og_title":"KONTROLLIERTE L\u00dcFTUNG NACH BEDARF - europair Benelux srl","og_description":"[vc_row][vc_column][vc_column_text]Komfortl\u00fcftung ist h\u00f6chstwahrscheinlichjene L\u00fcftungsmethode, die am energieeffizientesten und zugleich komfortabelsten ist, sofern sie korrekt angewendet wird. In der Theorie ist...","og_url":"https:\/\/europairbenelux.com\/de\/controlled-ventilation-on-demand\/","og_site_name":"europair Benelux srl","article_modified_time":"2019-03-28T22:11:54+00:00","twitter_card":"summary_large_image","twitter_misc":{"Gesch\u00e4tzte Lesezeit":"2\u00a0Minuten"},"schema":{"@context":"https:\/\/schema.org","@graph":[{"@type":"WebPage","@id":"https:\/\/europairbenelux.com\/de\/controlled-ventilation-on-demand\/","url":"https:\/\/europairbenelux.com\/de\/controlled-ventilation-on-demand\/","name":"KONTROLLIERTE L\u00dcFTUNG NACH BEDARF - europair Benelux srl","isPartOf":{"@id":"https:\/\/europairbenelux.com\/de\/#website"},"datePublished":"2019-01-30T07:51:43+00:00","dateModified":"2019-03-28T22:11:54+00:00","breadcrumb":{"@id":"https:\/\/europairbenelux.com\/de\/controlled-ventilation-on-demand\/#breadcrumb"},"inLanguage":"de","potentialAction":[{"@type":"ReadAction","target":["https:\/\/europairbenelux.com\/de\/controlled-ventilation-on-demand\/"]}]},{"@type":"BreadcrumbList","@id":"https:\/\/europairbenelux.com\/de\/controlled-ventilation-on-demand\/#breadcrumb","itemListElement":[{"@type":"ListItem","position":1,"name":"Startseite","item":"https:\/\/europairbenelux.com\/de\/"},{"@type":"ListItem","position":2,"name":"KONTROLLIERTE L\u00dcFTUNG NACH BEDARF"}]},{"@type":"WebSite","@id":"https:\/\/europairbenelux.com\/de\/#website","url":"https:\/\/europairbenelux.com\/de\/","name":"europair Benelux srl","description":"","potentialAction":[{"@type":"SearchAction","target":{"@type":"EntryPoint","urlTemplate":"https:\/\/europairbenelux.com\/de\/?s={search_term_string}"},"query-input":{"@type":"PropertyValueSpecification","valueRequired":true,"valueName":"search_term_string"}}],"inLanguage":"de"}]}},"_links":{"self":[{"href":"https:\/\/europairbenelux.com\/de\/wp-json\/wp\/v2\/pages\/203","targetHints":{"allow":["GET"]}}],"collection":[{"href":"https:\/\/europairbenelux.com\/de\/wp-json\/wp\/v2\/pages"}],"about":[{"href":"https:\/\/europairbenelux.com\/de\/wp-json\/wp\/v2\/types\/page"}],"author":[{"embeddable":true,"href":"https:\/\/europairbenelux.com\/de\/wp-json\/wp\/v2\/users\/2"}],"replies":[{"embeddable":true,"href":"https:\/\/europairbenelux.com\/de\/wp-json\/wp\/v2\/comments?post=203"}],"version-history":[{"count":0,"href":"https:\/\/europairbenelux.com\/de\/wp-json\/wp\/v2\/pages\/203\/revisions"}],"wp:attachment":[{"href":"https:\/\/europairbenelux.com\/de\/wp-json\/wp\/v2\/media?parent=203"}],"curies":[{"name":"wp","href":"https:\/\/api.w.org\/{rel}","templated":true}]}}