{"id":5462,"date":"2018-10-25T18:07:56","date_gmt":"2018-10-25T17:07:56","guid":{"rendered":"https:\/\/europairbenelux.com\/quote-request\/"},"modified":"2021-12-07T09:39:53","modified_gmt":"2021-12-07T08:39:53","slug":"quote-request","status":"publish","type":"page","link":"https:\/\/europairbenelux.com\/de\/quote-request\/","title":{"rendered":"Wie k\u00f6nnen wir Sie unterst\u00fctzen?"},"content":{"rendered":"<p>[vc_row][vc_column width=&#8220;1\/2&#8243;][vc_column_text css=&#8220;.vc_custom_1638865994219{margin-top: 30px !important;margin-bottom: 35px !important;border-top-width: 50px !important;border-right-width: 35px !important;border-bottom-width: 50px !important;border-left-width: 35px !important;}&#8220;]<\/p>\n<h3>Nennen Sie uns Ihre Anforderungen und wir werden Ihnen eine hocheffiziente und umweltfreundliche L\u00f6sung empfehlen, die genau auf Ihre Bed\u00fcrfnisse zugeschnitten ist.<\/h3>\n<p>[\/vc_column_text]<div class=\"lazy-loading\"><a class=\"sc-button lazy-loading-item\" data-ll-effect=\"drop-right-without-wrap\" href=\"\/de\/contact\/\" target=\"_blank\" style=\"\">Mit Berater sprechen<\/a><\/div>[vc_column_text css=&#8220;.vc_custom_1638866035557{padding-top: 0px !important;}&#8220;]<\/p>\n<h4>Sie haben Fragen oder m\u00f6chten sich von uns technisch beraten lassen?<\/h4>\n<p>[\/vc_column_text]<div class=\"lazy-loading\"><a class=\"sc-button lazy-loading-item\" data-ll-effect=\"drop-right-without-wrap\" href=\"\/de\/quote-request-form\/\" target=\"_blank\" style=\"\">Projektdetails teilen<\/a><\/div>[vc_column_text css=&#8220;.vc_custom_1638866074530{padding-top: 0px !important;}&#8220;]<\/p>\n<h4>Sie m\u00f6chten uns Projektinformationen zur Verf\u00fcgung stellen, damit wir die Diskussion auf einer gemeinsamen Informationsgrundlage beginnen k\u00f6nnen?<\/h4>\n<p>[\/vc_column_text][\/vc_column][vc_column width=&#8220;1\/2&#8243;][vc_single_image image=&#8220;4699&#8243; img_size=&#8220;large&#8220;][\/vc_column][\/vc_row]<\/p>\n","protected":false},"excerpt":{"rendered":"<p>[vc_row][vc_column width=&#8220;1\/2&#8243;][vc_column_text css=&#8220;.vc_custom_1638865994219{margin-top: 30px !important;margin-bottom: 35px !important;border-top-width: 50px !important;border-right-width: 35px !important;border-bottom-width: 50px !important;border-left-width: 35px !important;}&#8220;] Nennen Sie uns Ihre Anforderungen&#8230;<\/p>\n","protected":false},"author":2,"featured_media":0,"parent":0,"menu_order":0,"comment_status":"closed","ping_status":"closed","template":"","meta":{"_exactmetrics_skip_tracking":false,"_exactmetrics_sitenote_active":false,"_exactmetrics_sitenote_note":"","_exactmetrics_sitenote_category":0,"footnotes":""},"class_list":["post-5462","page","type-page","status-publish","hentry"],"yoast_head":"<!-- This site is optimized with the Yoast SEO plugin v27.4 - https:\/\/yoast.com\/product\/yoast-seo-wordpress\/ -->\n<title>Wie k\u00f6nnen wir Sie unterst\u00fctzen? - europair Benelux srl<\/title>\n<meta name=\"description\" content=\"Haben Sie ein bevorstehendes Projekt? Schicken Sie uns hier eine Angebotsanfrage und wir werden uns mit allem, was Sie f\u00fcr den Erfolg Ihrer Mission ben\u00f6tigen, bei Ihnen melden!\" \/>\n<meta name=\"robots\" content=\"index, follow, max-snippet:-1, max-image-preview:large, max-video-preview:-1\" \/>\n<link rel=\"canonical\" href=\"https:\/\/europairbenelux.com\/de\/quote-request\/\" \/>\n<meta property=\"og:locale\" content=\"de_DE\" \/>\n<meta property=\"og:type\" content=\"article\" \/>\n<meta property=\"og:title\" content=\"Wie k\u00f6nnen wir Sie unterst\u00fctzen? - europair Benelux srl\" \/>\n<meta property=\"og:description\" content=\"Haben Sie ein bevorstehendes Projekt? Schicken Sie uns hier eine Angebotsanfrage und wir werden uns mit allem, was Sie f\u00fcr den Erfolg Ihrer Mission ben\u00f6tigen, bei Ihnen melden!\" \/>\n<meta property=\"og:url\" content=\"https:\/\/europairbenelux.com\/de\/quote-request\/\" \/>\n<meta property=\"og:site_name\" content=\"europair Benelux srl\" \/>\n<meta property=\"article:modified_time\" content=\"2021-12-07T08:39:53+00:00\" \/>\n<meta name=\"twitter:card\" content=\"summary_large_image\" \/>\n<meta name=\"twitter:label1\" content=\"Gesch\u00e4tzte Lesezeit\" \/>\n\t<meta name=\"twitter:data1\" content=\"1\u00a0Minute\" \/>\n<script type=\"application\/ld+json\" class=\"yoast-schema-graph\">{\"@context\":\"https:\\\/\\\/schema.org\",\"@graph\":[{\"@type\":\"WebPage\",\"@id\":\"https:\\\/\\\/europairbenelux.com\\\/de\\\/quote-request\\\/\",\"url\":\"https:\\\/\\\/europairbenelux.com\\\/de\\\/quote-request\\\/\",\"name\":\"Wie k\u00f6nnen wir Sie unterst\u00fctzen? - europair Benelux srl\",\"isPartOf\":{\"@id\":\"https:\\\/\\\/europairbenelux.com\\\/de\\\/#website\"},\"datePublished\":\"2018-10-25T17:07:56+00:00\",\"dateModified\":\"2021-12-07T08:39:53+00:00\",\"description\":\"Haben Sie ein bevorstehendes Projekt? Schicken Sie uns hier eine Angebotsanfrage und wir werden uns mit allem, was Sie f\u00fcr den Erfolg Ihrer Mission ben\u00f6tigen, bei Ihnen melden!\",\"breadcrumb\":{\"@id\":\"https:\\\/\\\/europairbenelux.com\\\/de\\\/quote-request\\\/#breadcrumb\"},\"inLanguage\":\"de\",\"potentialAction\":[{\"@type\":\"ReadAction\",\"target\":[\"https:\\\/\\\/europairbenelux.com\\\/de\\\/quote-request\\\/\"]}]},{\"@type\":\"BreadcrumbList\",\"@id\":\"https:\\\/\\\/europairbenelux.com\\\/de\\\/quote-request\\\/#breadcrumb\",\"itemListElement\":[{\"@type\":\"ListItem\",\"position\":1,\"name\":\"Startseite\",\"item\":\"https:\\\/\\\/europairbenelux.com\\\/de\\\/\"},{\"@type\":\"ListItem\",\"position\":2,\"name\":\"Wie k\u00f6nnen wir Sie unterst\u00fctzen?\"}]},{\"@type\":\"WebSite\",\"@id\":\"https:\\\/\\\/europairbenelux.com\\\/de\\\/#website\",\"url\":\"https:\\\/\\\/europairbenelux.com\\\/de\\\/\",\"name\":\"europair Benelux srl\",\"description\":\"\",\"potentialAction\":[{\"@type\":\"SearchAction\",\"target\":{\"@type\":\"EntryPoint\",\"urlTemplate\":\"https:\\\/\\\/europairbenelux.com\\\/de\\\/?s={search_term_string}\"},\"query-input\":{\"@type\":\"PropertyValueSpecification\",\"valueRequired\":true,\"valueName\":\"search_term_string\"}}],\"inLanguage\":\"de\"}]}<\/script>\n<!-- \/ Yoast SEO plugin. -->","yoast_head_json":{"title":"Wie k\u00f6nnen wir Sie unterst\u00fctzen? - europair Benelux srl","description":"Haben Sie ein bevorstehendes Projekt? Schicken Sie uns hier eine Angebotsanfrage und wir werden uns mit allem, was Sie f\u00fcr den Erfolg Ihrer Mission ben\u00f6tigen, bei Ihnen melden!","robots":{"index":"index","follow":"follow","max-snippet":"max-snippet:-1","max-image-preview":"max-image-preview:large","max-video-preview":"max-video-preview:-1"},"canonical":"https:\/\/europairbenelux.com\/de\/quote-request\/","og_locale":"de_DE","og_type":"article","og_title":"Wie k\u00f6nnen wir Sie unterst\u00fctzen? - europair Benelux srl","og_description":"Haben Sie ein bevorstehendes Projekt? Schicken Sie uns hier eine Angebotsanfrage und wir werden uns mit allem, was Sie f\u00fcr den Erfolg Ihrer Mission ben\u00f6tigen, bei Ihnen melden!","og_url":"https:\/\/europairbenelux.com\/de\/quote-request\/","og_site_name":"europair Benelux srl","article_modified_time":"2021-12-07T08:39:53+00:00","twitter_card":"summary_large_image","twitter_misc":{"Gesch\u00e4tzte Lesezeit":"1\u00a0Minute"},"schema":{"@context":"https:\/\/schema.org","@graph":[{"@type":"WebPage","@id":"https:\/\/europairbenelux.com\/de\/quote-request\/","url":"https:\/\/europairbenelux.com\/de\/quote-request\/","name":"Wie k\u00f6nnen wir Sie unterst\u00fctzen? - europair Benelux srl","isPartOf":{"@id":"https:\/\/europairbenelux.com\/de\/#website"},"datePublished":"2018-10-25T17:07:56+00:00","dateModified":"2021-12-07T08:39:53+00:00","description":"Haben Sie ein bevorstehendes Projekt? Schicken Sie uns hier eine Angebotsanfrage und wir werden uns mit allem, was Sie f\u00fcr den Erfolg Ihrer Mission ben\u00f6tigen, bei Ihnen melden!","breadcrumb":{"@id":"https:\/\/europairbenelux.com\/de\/quote-request\/#breadcrumb"},"inLanguage":"de","potentialAction":[{"@type":"ReadAction","target":["https:\/\/europairbenelux.com\/de\/quote-request\/"]}]},{"@type":"BreadcrumbList","@id":"https:\/\/europairbenelux.com\/de\/quote-request\/#breadcrumb","itemListElement":[{"@type":"ListItem","position":1,"name":"Startseite","item":"https:\/\/europairbenelux.com\/de\/"},{"@type":"ListItem","position":2,"name":"Wie k\u00f6nnen wir Sie unterst\u00fctzen?"}]},{"@type":"WebSite","@id":"https:\/\/europairbenelux.com\/de\/#website","url":"https:\/\/europairbenelux.com\/de\/","name":"europair Benelux srl","description":"","potentialAction":[{"@type":"SearchAction","target":{"@type":"EntryPoint","urlTemplate":"https:\/\/europairbenelux.com\/de\/?s={search_term_string}"},"query-input":{"@type":"PropertyValueSpecification","valueRequired":true,"valueName":"search_term_string"}}],"inLanguage":"de"}]}},"_links":{"self":[{"href":"https:\/\/europairbenelux.com\/de\/wp-json\/wp\/v2\/pages\/5462","targetHints":{"allow":["GET"]}}],"collection":[{"href":"https:\/\/europairbenelux.com\/de\/wp-json\/wp\/v2\/pages"}],"about":[{"href":"https:\/\/europairbenelux.com\/de\/wp-json\/wp\/v2\/types\/page"}],"author":[{"embeddable":true,"href":"https:\/\/europairbenelux.com\/de\/wp-json\/wp\/v2\/users\/2"}],"replies":[{"embeddable":true,"href":"https:\/\/europairbenelux.com\/de\/wp-json\/wp\/v2\/comments?post=5462"}],"version-history":[{"count":0,"href":"https:\/\/europairbenelux.com\/de\/wp-json\/wp\/v2\/pages\/5462\/revisions"}],"wp:attachment":[{"href":"https:\/\/europairbenelux.com\/de\/wp-json\/wp\/v2\/media?parent=5462"}],"curies":[{"name":"wp","href":"https:\/\/api.w.org\/{rel}","templated":true}]}}