{"id":3136,"date":"2014-10-23T13:08:19","date_gmt":"2014-10-23T12:08:19","guid":{"rendered":"https:\/\/be.europairsuisse.ch\/about-us\/"},"modified":"2021-12-07T10:11:11","modified_gmt":"2021-12-07T09:11:11","slug":"about-us","status":"publish","type":"page","link":"https:\/\/europairbenelux.com\/nl\/about-us\/","title":{"rendered":"Over ons"},"content":{"rendered":"<p>[vc_row][vc_column width=&#8221;1\/2&#8243;][vc_column_text]<\/p>\n<h3><strong>Veel ervaring<\/strong><\/h3>\n<p>Na een lange en rijke ervaring, werkend voor grote fabrieken in HVAC voor meer dan 30 jaar, begrijpen we dat de markt verandert en altijd het beste vraagt in alle soorten producten in de groeiende HVAC markt. Maar het is niet mogelijk voor \u00e9\u00e9n uniek handelsmerk om uitstekend en flexibel te zijn in alle gamma&#8217;s van producten. <em>Wij besloten om onze klantenservice te verbeteren, en te stoppen met het doorsturen van de &#8220;eenrichtingsboodschap&#8221; van \u00e9\u00e9n bedrijf, dat alleen maar draait om te promoten wat zij produceren is het beste wereldwijd, blind en doof voor de echte behoeften van ons lokale land.<\/em><\/p>\n<h3><strong>Blijf dicht bij de cli\u00ebnt\u00a0<\/strong><\/h3>\n<p>Ons belangrijkste doel is om het beste materiaal te gebruiken dat voldoet aan de behoeften en het budget van onze klant.<\/p>\n<p>Met onze lange uitgebreide HVAC ervaring en netwerk, bouwen we sterke partnerschappen met deskundigen en fabrieken leiders evenals comfort toepassing dan industri\u00eble markt door de beste Europese en Japanse Bedrijven allemaal in hun respectievelijk kennis.<\/p>\n<p>&nbsp;[\/vc_column_text]<div class=\"clearboth\"><\/div><div class=\"sc-divider\" style=\"margin-bottom: 27px;\"><\/div>[\/vc_column][vc_column width=&#8221;1\/2&#8243;][vc_column_text]<\/p>\n<h3><strong>B2B en B2C expert<\/strong><\/h3>\n<p>Met ons zusterbedrijf, Europair Schweiz AG, die al meer dan 30 jaar specialist is in Zwitserse producten en oplossingen voor Brandveiligheid, Verwarming, Ventilatie, Airconditioning, en met luchtverspreidingssystemen die gekenmerkt worden door een hoog niveau van technologie en Design, om het comfort en de maximale kwaliteit van de lucht in het binnenmilieu te verkrijgen.<\/p>\n<p>Wij associ\u00ebren bij dit mooie project de volledige steun van ons zusterbedrijf &#8220;FRIGRO SA&#8221;, met hun lange en rijke Airconditioning en Koeling kennis van meer dan 40 jaar, zij zijn \u00e9\u00e9n van de grote spelers voor de Belux markt met meer dan 40 werknemers en een echt succesverhaal. Alleen al de naam &#8220;FRIGRO&#8221;, is een boodschap van kwaliteit en service.<\/p>\n<p>Dit is de reden waarom wij onze activiteiten hebben uitgebreid naar de Benelux, in een nieuw bedrijf &#8220;Europair Benelux&#8221; om onze producten en kennis te delen met een van de meest veeleisende HVAC-markten in Europa. Ons doel is om de meest effici\u00ebnte en best gewaardeerde producten te leveren voor Residenti\u00eble, Commerci\u00eble en Industriele ventilatie, Lucht verspreiding, Air Handling Units, Air Conditioning, Brand en Rook.<\/p>\n<p>Onze grote ervaring stelt ons in staat een algemene kennis te hebben van alle HVAC-systemen, zowel wat betreft installatie als opstart en onderhoud; ons Technisch Bureau is voortdurend bezig met het zoeken naar oplossingen die u in staat stellen zelfs deze belangrijke activiteiten beter te beheren.<\/p>\n<p>Aangezien het binnenklimaat en de warmtepomp steeds beter begrepen en gevraagd worden in onze landen, is het ons doel om in de komende 5 jaar uit te breiden in Ventilatie\/Air Conditioning, Verwarming, Residenti\u00eble comfortregeling, Kantoor en lichte commerci\u00eble gebouwen, Brandbeveiliging, Ziekenhuizen en commerci\u00eble centra in belangrijke markten en UW partner te worden voor alle HVAC verzoeken, met specialist, voor specialist.<\/p>\n<p>Onze belofte aan onze klanten is &#8220;MAAK UW LUCHT SCHOON EN COMFORTABEL!&#8221;<\/p>\n<h4 style=\"text-align: center;\">Dat is waarom we willen zijn<\/h4>\n<div class=\"title-h5\" style=\"text-align: center;\"><strong><span style=\"color: #99cc00;\">Uw vriend in Groene Ventilatie<\/span><\/strong><\/div>\n<p>[\/vc_column_text][\/vc_column][\/vc_row][vc_row][vc_column][\/vc_column][\/vc_row]<\/p>\n","protected":false},"excerpt":{"rendered":"<p>[vc_row][vc_column width=&#8221;1\/2&#8243;][vc_column_text] Veel ervaring Na een lange en rijke ervaring, werkend voor grote fabrieken in HVAC voor meer dan 30&#8230;<\/p>\n","protected":false},"author":2,"featured_media":0,"parent":0,"menu_order":0,"comment_status":"closed","ping_status":"closed","template":"","meta":{"_exactmetrics_skip_tracking":false,"_exactmetrics_sitenote_active":false,"_exactmetrics_sitenote_note":"","_exactmetrics_sitenote_category":0,"footnotes":""},"class_list":["post-3136","page","type-page","status-publish","hentry"],"yoast_head":"<!-- This site is optimized with the Yoast SEO plugin v27.4 - https:\/\/yoast.com\/product\/yoast-seo-wordpress\/ -->\n<title>Over ons - europair Benelux srl<\/title>\n<meta name=\"description\" content=\"Benefit from our a long and rich experience, working for major factories in HVAC for more than 30 years, Get in touch, we are happy to help!\" \/>\n<meta name=\"robots\" content=\"index, follow, max-snippet:-1, max-image-preview:large, max-video-preview:-1\" \/>\n<link rel=\"canonical\" href=\"https:\/\/europairbenelux.com\/nl\/about-us\/\" \/>\n<meta property=\"og:locale\" content=\"nl_NL\" \/>\n<meta property=\"og:type\" content=\"article\" \/>\n<meta property=\"og:title\" content=\"Over ons - europair Benelux srl\" \/>\n<meta property=\"og:description\" content=\"Benefit from our a long and rich experience, working for major factories in HVAC for more than 30 years, Get in touch, we are happy to help!\" \/>\n<meta property=\"og:url\" content=\"https:\/\/europairbenelux.com\/nl\/about-us\/\" \/>\n<meta property=\"og:site_name\" content=\"europair Benelux srl\" \/>\n<meta property=\"article:modified_time\" content=\"2021-12-07T09:11:11+00:00\" \/>\n<meta name=\"twitter:card\" content=\"summary_large_image\" \/>\n<meta name=\"twitter:label1\" content=\"Geschatte leestijd\" \/>\n\t<meta name=\"twitter:data1\" content=\"3 minuten\" \/>\n<script type=\"application\/ld+json\" class=\"yoast-schema-graph\">{\"@context\":\"https:\\\/\\\/schema.org\",\"@graph\":[{\"@type\":\"WebPage\",\"@id\":\"https:\\\/\\\/europairbenelux.com\\\/nl\\\/about-us\\\/\",\"url\":\"https:\\\/\\\/europairbenelux.com\\\/nl\\\/about-us\\\/\",\"name\":\"Over ons - europair Benelux srl\",\"isPartOf\":{\"@id\":\"https:\\\/\\\/europairbenelux.com\\\/nl\\\/#website\"},\"datePublished\":\"2014-10-23T12:08:19+00:00\",\"dateModified\":\"2021-12-07T09:11:11+00:00\",\"description\":\"Benefit from our a long and rich experience, working for major factories in HVAC for more than 30 years, Get in touch, we are happy to help!\",\"breadcrumb\":{\"@id\":\"https:\\\/\\\/europairbenelux.com\\\/nl\\\/about-us\\\/#breadcrumb\"},\"inLanguage\":\"nl-NL\",\"potentialAction\":[{\"@type\":\"ReadAction\",\"target\":[\"https:\\\/\\\/europairbenelux.com\\\/nl\\\/about-us\\\/\"]}]},{\"@type\":\"BreadcrumbList\",\"@id\":\"https:\\\/\\\/europairbenelux.com\\\/nl\\\/about-us\\\/#breadcrumb\",\"itemListElement\":[{\"@type\":\"ListItem\",\"position\":1,\"name\":\"Startseite\",\"item\":\"https:\\\/\\\/europairbenelux.com\\\/nl\\\/\"},{\"@type\":\"ListItem\",\"position\":2,\"name\":\"Over ons\"}]},{\"@type\":\"WebSite\",\"@id\":\"https:\\\/\\\/europairbenelux.com\\\/nl\\\/#website\",\"url\":\"https:\\\/\\\/europairbenelux.com\\\/nl\\\/\",\"name\":\"europair Benelux srl\",\"description\":\"\",\"potentialAction\":[{\"@type\":\"SearchAction\",\"target\":{\"@type\":\"EntryPoint\",\"urlTemplate\":\"https:\\\/\\\/europairbenelux.com\\\/nl\\\/?s={search_term_string}\"},\"query-input\":{\"@type\":\"PropertyValueSpecification\",\"valueRequired\":true,\"valueName\":\"search_term_string\"}}],\"inLanguage\":\"nl-NL\"}]}<\/script>\n<!-- \/ Yoast SEO plugin. -->","yoast_head_json":{"title":"Over ons - europair Benelux srl","description":"Benefit from our a long and rich experience, working for major factories in HVAC for more than 30 years, Get in touch, we are happy to help!","robots":{"index":"index","follow":"follow","max-snippet":"max-snippet:-1","max-image-preview":"max-image-preview:large","max-video-preview":"max-video-preview:-1"},"canonical":"https:\/\/europairbenelux.com\/nl\/about-us\/","og_locale":"nl_NL","og_type":"article","og_title":"Over ons - europair Benelux srl","og_description":"Benefit from our a long and rich experience, working for major factories in HVAC for more than 30 years, Get in touch, we are happy to help!","og_url":"https:\/\/europairbenelux.com\/nl\/about-us\/","og_site_name":"europair Benelux srl","article_modified_time":"2021-12-07T09:11:11+00:00","twitter_card":"summary_large_image","twitter_misc":{"Geschatte leestijd":"3 minuten"},"schema":{"@context":"https:\/\/schema.org","@graph":[{"@type":"WebPage","@id":"https:\/\/europairbenelux.com\/nl\/about-us\/","url":"https:\/\/europairbenelux.com\/nl\/about-us\/","name":"Over ons - europair Benelux srl","isPartOf":{"@id":"https:\/\/europairbenelux.com\/nl\/#website"},"datePublished":"2014-10-23T12:08:19+00:00","dateModified":"2021-12-07T09:11:11+00:00","description":"Benefit from our a long and rich experience, working for major factories in HVAC for more than 30 years, Get in touch, we are happy to help!","breadcrumb":{"@id":"https:\/\/europairbenelux.com\/nl\/about-us\/#breadcrumb"},"inLanguage":"nl-NL","potentialAction":[{"@type":"ReadAction","target":["https:\/\/europairbenelux.com\/nl\/about-us\/"]}]},{"@type":"BreadcrumbList","@id":"https:\/\/europairbenelux.com\/nl\/about-us\/#breadcrumb","itemListElement":[{"@type":"ListItem","position":1,"name":"Startseite","item":"https:\/\/europairbenelux.com\/nl\/"},{"@type":"ListItem","position":2,"name":"Over ons"}]},{"@type":"WebSite","@id":"https:\/\/europairbenelux.com\/nl\/#website","url":"https:\/\/europairbenelux.com\/nl\/","name":"europair Benelux srl","description":"","potentialAction":[{"@type":"SearchAction","target":{"@type":"EntryPoint","urlTemplate":"https:\/\/europairbenelux.com\/nl\/?s={search_term_string}"},"query-input":{"@type":"PropertyValueSpecification","valueRequired":true,"valueName":"search_term_string"}}],"inLanguage":"nl-NL"}]}},"_links":{"self":[{"href":"https:\/\/europairbenelux.com\/nl\/wp-json\/wp\/v2\/pages\/3136","targetHints":{"allow":["GET"]}}],"collection":[{"href":"https:\/\/europairbenelux.com\/nl\/wp-json\/wp\/v2\/pages"}],"about":[{"href":"https:\/\/europairbenelux.com\/nl\/wp-json\/wp\/v2\/types\/page"}],"author":[{"embeddable":true,"href":"https:\/\/europairbenelux.com\/nl\/wp-json\/wp\/v2\/users\/2"}],"replies":[{"embeddable":true,"href":"https:\/\/europairbenelux.com\/nl\/wp-json\/wp\/v2\/comments?post=3136"}],"version-history":[{"count":0,"href":"https:\/\/europairbenelux.com\/nl\/wp-json\/wp\/v2\/pages\/3136\/revisions"}],"wp:attachment":[{"href":"https:\/\/europairbenelux.com\/nl\/wp-json\/wp\/v2\/media?parent=3136"}],"curies":[{"name":"wp","href":"https:\/\/api.w.org\/{rel}","templated":true}]}}